{"id":82,"date":"2021-05-10T13:00:34","date_gmt":"2021-05-10T13:00:34","guid":{"rendered":"https:\/\/laboutiquedekheira.fr\/index.php\/flowers\/"},"modified":"2024-10-21T10:34:42","modified_gmt":"2024-10-21T10:34:42","slug":"qui-sommes-nous","status":"publish","type":"page","link":"https:\/\/laboutiquedekheira.fr\/index.php\/qui-sommes-nous\/","title":{"rendered":"Qui Sommes Nous ?"},"content":{"rendered":"<div class=\"wp-block-citadela-blocks-custom-container citadela-block-custom-container size-content bg-type-image inside-space-none bg-size-full-horizontal has-bg has-overlay has-min-height vertical-align-top\" style=\"min-height:415px;background-color:rgba(232, 232, 232, 1)\"><div class=\"bg-image-wrapper\" style=\"background-image:url(https:\/\/laboutiquedekheira.fr\/wp-content\/uploads\/2024\/10\/home-header.jpg);background-repeat:no-repeat;background-position:50% 100%\"><\/div><div class=\"bg-image-overlay\" style=\"opacity:0.5\"><\/div><div class=\"inner-holder\"><div class=\"wp-block-citadela-blocks-spacer citadela-block-spacer responsive-options loading\" data-block-attr=\"{&quot;desktop&quot;:{&quot;height&quot;:&quot;9em&quot;},&quot;mobile&quot;:{&quot;height&quot;:&quot;11em&quot;}}\" data-block-mobile-breakpoint=\"600\"><div class=\"inner-holder\" style=\"padding-top:9em\"><\/div><\/div>\n\n<div \r\n            class=\"citadela-block-responsive-text weight-400 align-center responsive-options loading\"\r\n            data-block-mobile-attr=\"{&quot;desktop&quot;:{&quot;fontSize&quot;:&quot;3vw&quot;},&quot;mobile&quot;:{&quot;fontSize&quot;:&quot;49px&quot;}}\"            data-block-mobile-breakpoint=\"1620\"         >\r\n            <h1 class=\"inner-tag\" style=\"font-size: 3vw; font-weight: 400;\">Qui Sommes Nous ?<\/h1>         <\/div>\n\n<div class=\"wp-block-citadela-blocks-spacer citadela-block-spacer responsive-options loading\" data-block-attr=\"{&quot;desktop&quot;:{&quot;height&quot;:&quot;10vw&quot;},&quot;mobile&quot;:{&quot;height&quot;:&quot;70px&quot;}}\" data-block-mobile-breakpoint=\"600\"><div class=\"inner-holder\" style=\"padding-top:10vw\"><\/div><\/div><\/div><\/div><div class=\"wp-block-citadela-blocks-spacer citadela-block-spacer responsive-options loading\" data-block-attr=\"{&quot;desktop&quot;:{&quot;height&quot;:&quot;5vw&quot;},&quot;mobile&quot;:{&quot;height&quot;:&quot;30px&quot;}}\" data-block-mobile-breakpoint=\"980\"><div class=\"inner-holder\" style=\"padding-top:5vw\"><\/div><\/div><div class=\"wp-block-citadela-blocks-spacer citadela-block-spacer responsive-options loading\" data-block-attr=\"{&quot;desktop&quot;:{&quot;height&quot;:&quot;0vw&quot;},&quot;mobile&quot;:{&quot;height&quot;:&quot;20px&quot;}}\" data-block-mobile-breakpoint=\"400\"><div class=\"inner-holder\" style=\"padding-top:0vw\"><\/div><\/div><div class=\"wp-block-columns alignwide is-layout-flex wp-container-core-columns-is-layout-9d6595d7 wp-block-columns-is-layout-flex\"><div class=\"wp-block-column is-layout-flow wp-block-column-is-layout-flow\" style=\"flex-basis:33.33%\"><div class=\"wp-block-citadela-blocks-custom-container citadela-block-custom-container size-content bg-type-none inside-space-large\"><div class=\"inner-holder\"><div \r\n            class=\"citadela-block-responsive-text align-left no-margins\"\r\n                                 >\r\n            <h2 class=\"inner-tag\" style=\"font-size: 32px;\">Pourquoi ?<\/h2>         <\/div>\n\n<div class=\"wp-block-citadela-blocks-spacer citadela-block-spacer\"><div class=\"inner-holder\" style=\"padding-top:5px\"><\/div><\/div>\n\n<div \r\n            class=\"citadela-block-responsive-text weight-500 align-left\"\r\n                                 >\r\n            <p class=\"inner-tag\" style=\"font-size: 19px; font-weight: 500;\">Bienvenue chez <strong>LA BOUTIQUE DE KHEIRA<\/strong>, votre destination incontournable pour des moments gourmands ! Passionn\u00e9s par les bonbons et les douceurs sucr\u00e9es, nous avons cr\u00e9\u00e9 un espace o\u00f9 petits et grands peuvent se retrouver autour de saveurs uniques.<br><br>Notre mission ? Vous faire red\u00e9couvrir le plaisir des bonbons \u00e0 travers une s\u00e9lection vari\u00e9e de confiseries, allant des classiques intemporels aux derni\u00e8res tendances. Chaque produit est choisi avec soin pour garantir fra\u00eecheur et qualit\u00e9.<\/p>         <\/div>\n\n<div class=\"wp-block-citadela-blocks-spacer citadela-block-spacer\"><div class=\"inner-holder\" style=\"padding-top:25px\"><\/div><\/div>\n\n<\/div><\/div><\/div>\n\n<div class=\"wp-block-column is-layout-flow wp-block-column-is-layout-flow\"><div class=\"wp-block-citadela-blocks-custom-container citadela-block-custom-container size-wide bg-type-none inside-space-large\"><div class=\"inner-holder\"><div \r\n            class=\"citadela-block-responsive-text align-left no-margins\"\r\n                                 >\r\n            <h2 class=\"inner-tag\" style=\"font-size: 32px;\">Notre Priorit\u00e9<\/h2>         <\/div>\n\n<div class=\"wp-block-citadela-blocks-spacer citadela-block-spacer\"><div class=\"inner-holder\" style=\"padding-top:5px\"><\/div><\/div>\n\n<div \r\n            class=\"citadela-block-responsive-text weight-500 align-left\"\r\n                                 >\r\n            <p class=\"inner-tag\" style=\"font-size: 19px; font-weight: 500;\">Chez <strong>LA BOUTIQUE DE KHEIRA<\/strong>, nous croyons que chaque bonbon raconte une histoire. Que ce soit pour une f\u00eate, un cadeau ou simplement pour le plaisir, nous sommes l\u00e0 pour partager avec vous notre amour pour les confiseries.<br><br><strong>Votre bonheur est notre priorit\u00e9<\/strong>, et nous nous engageons \u00e0 vous offrir une exp\u00e9rience sucr\u00e9e inoubliable \u00e0 chaque visite.<\/p>         <\/div>\n\n<div class=\"wp-block-citadela-blocks-spacer citadela-block-spacer\"><div class=\"inner-holder\" style=\"padding-top:25px\"><\/div><\/div>\n\n<\/div><\/div><\/div><\/div><div class=\"wp-block-citadela-blocks-spacer citadela-block-spacer negative-height\"><div class=\"inner-holder\" style=\"margin-top:-100px\"><\/div><\/div><div class=\"wp-block-citadela-blocks-spacer citadela-block-spacer responsive-options loading\" data-block-attr=\"{&quot;desktop&quot;:{&quot;height&quot;:&quot;6vw&quot;},&quot;mobile&quot;:{&quot;height&quot;:&quot;60px&quot;}}\" data-block-mobile-breakpoint=\"980\"><div class=\"inner-holder\" style=\"padding-top:6vw\"><\/div><\/div><div class=\"wp-block-citadela-blocks-spacer citadela-block-spacer responsive-options loading\" data-block-attr=\"{&quot;desktop&quot;:{&quot;height&quot;:&quot;0vw&quot;},&quot;mobile&quot;:{&quot;height&quot;:&quot;20px&quot;}}\" data-block-mobile-breakpoint=\"400\"><div class=\"inner-holder\" style=\"padding-top:0vw\"><\/div><\/div><div class=\"wp-block-columns alignwide is-layout-flex wp-container-core-columns-is-layout-9d6595d7 wp-block-columns-is-layout-flex\"><div class=\"wp-block-column is-layout-flow wp-block-column-is-layout-flow\" style=\"flex-basis:33.33%\"><div class=\"wp-block-citadela-blocks-custom-container citadela-block-custom-container size-content bg-type-image inside-space-none bg-size-cover has-overlay has-min-height vertical-align-top cover-height\" style=\"min-height:400px\"><div class=\"bg-image-wrapper\" style=\"background-image:url(https:\/\/laboutiquedekheira.fr\/wp-content\/uploads\/2024\/10\/Free-Candy-Bag-Mockup-PSD-Template.jpg);background-repeat:no-repeat;background-position:50% 50%\"><\/div><div class=\"bg-image-overlay\" style=\"opacity:0.5\"><\/div><div class=\"inner-holder\"><\/div><\/div><\/div>\n\n<div class=\"wp-block-column is-layout-flow wp-block-column-is-layout-flow\"><div class=\"wp-block-citadela-blocks-custom-container citadela-block-custom-container size-content bg-type-color inside-space-large has-bg has-shadow vertical-align-center cover-height\" style=\"background-color:rgba(242, 242, 242, 1);box-shadow: 0px -20px 0px 0px rgba(255, 255, 255, 1)\"><div class=\"inner-holder\"><div class=\"wp-block-citadela-blocks-spacer citadela-block-spacer responsive-options loading\" data-block-attr=\"{&quot;desktop&quot;:{&quot;height&quot;:&quot;0vw&quot;},&quot;mobile&quot;:{&quot;height&quot;:&quot;20px&quot;}}\" data-block-mobile-breakpoint=\"400\"><div class=\"inner-holder\" style=\"padding-top:0vw\"><\/div><\/div>\n\n<div \r\n            class=\"citadela-block-responsive-text align-left no-margins\"\r\n                                 >\r\n            <p class=\"inner-tag\" style=\"font-family:'Homemade Apple'; font-size: 18px; color: #222222; text-decoration: underline;\">Le monde merveilleux des bonbons<\/p>         <\/div>\n\n<div class=\"wp-block-citadela-blocks-spacer citadela-block-spacer\"><div class=\"inner-holder\" style=\"padding-top:20px\"><\/div><\/div>\n\n<div \r\n            class=\"citadela-block-responsive-text weight-400 align-left no-margins responsive-options loading\"\r\n            data-block-mobile-attr=\"{&quot;desktop&quot;:{&quot;fontSize&quot;:&quot;42px&quot;},&quot;mobile&quot;:{&quot;fontSize&quot;:&quot;36px&quot;}}\"            data-block-mobile-breakpoint=\"1620\"         >\r\n            <h2 class=\"inner-tag\" style=\"font-size: 42px; font-weight: 400;\">Profitez d\u2019une <strong>livraison rapide<\/strong> directement chez vous ou offrez une explosion de saveurs \u00e0 vos proches !<\/h2>         <\/div>\n\n<div class=\"wp-block-citadela-blocks-spacer citadela-block-spacer\"><div class=\"inner-holder\" style=\"padding-top:20px\"><\/div><\/div>\n\n<blockquote class=\"wp-block-quote is-layout-flow wp-block-quote-is-layout-flow\"><p>Faites-vous plaisir et plongez dans l&rsquo;univers sucr\u00e9 de LA BOUTIQUE DE KHEIRA. Votre douceur pr\u00e9f\u00e9r\u00e9e vous attend !<\/p><\/blockquote>\n\n<div class=\"wp-block-citadela-blocks-spacer citadela-block-spacer responsive-options loading\" data-block-attr=\"{&quot;desktop&quot;:{&quot;height&quot;:&quot;5px&quot;},&quot;mobile&quot;:{&quot;height&quot;:&quot;20px&quot;}}\" data-block-mobile-breakpoint=\"400\"><div class=\"inner-holder\" style=\"padding-top:5px\"><\/div><\/div><\/div><\/div><\/div><\/div><div class=\"wp-block-citadela-blocks-spacer citadela-block-spacer negative-height\"><div class=\"inner-holder\" style=\"margin-top:-4.25em\"><\/div><\/div>","protected":false},"excerpt":{"rendered":"","protected":false},"author":1,"featured_media":0,"parent":0,"menu_order":0,"comment_status":"closed","ping_status":"closed","template":"","meta":{"_citadela_hide_page_title":"1","_citadela_remove_header_space":"1","_citadela_custom_class":"","_citadela_half_map_provider":"","_citadela_half_map_theme":"","_citadela_half_map_themeOSM":"","_citadela_half_map_customTheme":"","_citadela_half_map_dataType":"","_citadela_half_map_dynamicTrack":false,"_citadela_half_map_trackColor":"","_citadela_half_map_trackEndpointsColor":"","_citadela_half_map_filterCategory":"","_citadela_half_map_filterLocation":"","_citadela_half_map_filterFeatured":false,"_citadela_half_map_noDataBehavior":"empty-map","_citadela_half_map_noDataText":"","_citadela_half_map_clusterGridSize":80,"_citadela_header":true,"_citadela_header_over_content":true,"_citadela_header_text_color":"","_citadela_header_logo":[],"_citadela_header_bg_image":[],"_citadela_header_bg_position":{"x":0.5,"y":0.5},"_citadela_header_bg_size":"cover","_citadela_header_bg_repeat":"no-repeat","_citadela_header_bg_fixed":false,"_citadela_header_bg_color":"","_citadela_header_bg_image_overlay":"","_citadela_header_transparent_bg":true,"_citadela_content_width":"","_citadela_half_layout_position":"","footnotes":""},"class_list":["post-82","page","type-page","status-publish","hentry"],"_links":{"self":[{"href":"https:\/\/laboutiquedekheira.fr\/index.php\/wp-json\/wp\/v2\/pages\/82","targetHints":{"allow":["GET"]}}],"collection":[{"href":"https:\/\/laboutiquedekheira.fr\/index.php\/wp-json\/wp\/v2\/pages"}],"about":[{"href":"https:\/\/laboutiquedekheira.fr\/index.php\/wp-json\/wp\/v2\/types\/page"}],"author":[{"embeddable":true,"href":"https:\/\/laboutiquedekheira.fr\/index.php\/wp-json\/wp\/v2\/users\/1"}],"replies":[{"embeddable":true,"href":"https:\/\/laboutiquedekheira.fr\/index.php\/wp-json\/wp\/v2\/comments?post=82"}],"version-history":[{"count":4,"href":"https:\/\/laboutiquedekheira.fr\/index.php\/wp-json\/wp\/v2\/pages\/82\/revisions"}],"predecessor-version":[{"id":431,"href":"https:\/\/laboutiquedekheira.fr\/index.php\/wp-json\/wp\/v2\/pages\/82\/revisions\/431"}],"wp:attachment":[{"href":"https:\/\/laboutiquedekheira.fr\/index.php\/wp-json\/wp\/v2\/media?parent=82"}],"curies":[{"name":"wp","href":"https:\/\/api.w.org\/{rel}","templated":true}]}}